{"id":1297,"date":"2016-12-16T17:47:24","date_gmt":"2016-12-16T17:47:24","guid":{"rendered":"http:\/\/bbali.fr\/blog\/bbook\/?page_id=1297"},"modified":"2017-07-07T02:21:07","modified_gmt":"2017-07-07T02:21:07","slug":"contact","status":"publish","type":"page","link":"https:\/\/bbali.fr\/blog\/bbook\/contact\/","title":{"rendered":""},"content":{"rendered":"<div id=\"contact\">\n<div class=\"contact-text\">\n<p style=\"text-align: left;\">Yo !<\/p>\n<p style=\"text-align: left;\">J&#8217;aime dessiner des girafes, regarder un coucher de soleil en dessinant des girafes et profiter des belles choses.<br \/>\nComme par exemple les girafes.<\/p>\n<p style=\"text-align: left;\">Si vous avez une remarque, une suggestion voire m\u00eame un petit mot doux si l&#8217;envie vous en prend, vous pouvez me contacter via le formulaire ou l&#8217;adresse e-mail affich\u00e9e ci-dessous.<br \/>\nPour d&#8217;\u00e9ventuelles commandes je suis \u00e0 l&#8217;\u00e9coute, n&#8217;h\u00e9sitez pas \u00e0 me faire parvenir vos id\u00e9es et je vous ferai un devis\u00a0adapt\u00e9 !<\/p>\n<p><img loading=\"lazy\" decoding=\"async\" class=\"wp-image-1298 alignleft\" src=\"https:\/\/bbali.fr\/blog\/bbook\/wp-content\/uploads\/sites\/2\/2016\/12\/SpriteBbali-200x300.png\" alt=\"\" width=\"139\" height=\"209\" srcset=\"https:\/\/bbali.fr\/blog\/bbook\/wp-content\/uploads\/sites\/2\/2016\/12\/SpriteBbali-200x300.png 200w, https:\/\/bbali.fr\/blog\/bbook\/wp-content\/uploads\/sites\/2\/2016\/12\/SpriteBbali-768x1152.png 768w, https:\/\/bbali.fr\/blog\/bbook\/wp-content\/uploads\/sites\/2\/2016\/12\/SpriteBbali-683x1024.png 683w, https:\/\/bbali.fr\/blog\/bbook\/wp-content\/uploads\/sites\/2\/2016\/12\/SpriteBbali-400x600.png 400w, https:\/\/bbali.fr\/blog\/bbook\/wp-content\/uploads\/sites\/2\/2016\/12\/SpriteBbali.png 1067w\" sizes=\"auto, (max-width: 139px) 85vw, 139px\" \/><\/p>\n<\/div>\n<div data-test='contact-form'\n\t\t\tid='contact-form-1297'\n\t\t\tclass='wp-block-jetpack-contact-form-container '\n\t\t\tdata-wp-interactive='jetpack\/form' data-wp-context='{\"formId\":\"1297\",\"formHash\":\"bfb1494086f87fab0370bb9cca639cb8d127f1ca\",\"showErrors\":false,\"errors\":[],\"fields\":[],\"isMultiStep\":false,\"useAjax\":false,\"submissionData\":null,\"formattedSubmissionData\":[],\"submissionSuccess\":false,\"submissionError\":null,\"elementId\":\"jp-form-bfb1494086f87fab0370bb9cca639cb8d127f1ca\"}'\n\t\t\tdata-wp-watch--scroll-to-wrapper=\"callbacks.scrollToWrapper\"\n\t\t>\n<div class=\"contact-form-submission contact-form-ajax-submission\" data-wp-class--submission-success=\"context.submissionSuccess\"><p class=\"go-back-message\"> <a class=\"link\" role=\"button\" tabindex=\"0\" data-wp-on--click=\"actions.goBack\">Retour<\/a> <\/p><h4 id=\"contact-form-success-header\">Votre message a \u00e9t\u00e9 envoy\u00e9<\/h4>\n\n<template data-wp-each--submission=\"context.formattedSubmissionData\">\n\t\t\t\t<div>\n\t\t\t\t\t<div class=\"field-name\" data-wp-text=\"context.submission.label\" data-wp-bind--hidden=\"!context.submission.label\"><\/div>\n\t\t\t\t\t<div class=\"field-value\" data-wp-text=\"context.submission.value\"><\/div>\n\t\t\t\t<\/div>\n\t\t\t<\/template><\/div><form action='https:\/\/bbali.fr\/blog\/bbook\/contact\/#contact-form-1297'\n\t\t\t\tid='jp-form-bfb1494086f87fab0370bb9cca639cb8d127f1ca'\n\t\t\t\tmethod='post'\n\t\t\t\tclass='contact-form commentsblock' \n\t\t\t\tdata-wp-on--submit=\"actions.onFormSubmit\"\n\t\t\t\tdata-wp-on--reset=\"actions.onFormReset\"\n\t\t\t\tdata-wp-class--submission-success=\"context.submissionSuccess\"\n\t\t\t\tdata-wp-class--is-first-step=\"state.isFirstStep\"\n\t\t\t\tdata-wp-class--is-last-step=\"state.isLastStep\"\n\t\t\t\tdata-wp-class--is-ajax-form=\"context.useAjax\"\n\t\t\t\tnovalidate >\n<input type='hidden' name='jetpack_contact_form_jwt' value='eyJ0eXAiOiJKV1QiLCJhbGciOiJIUzI1NiJ9.eyJhdHRyaWJ1dGVzIjp7InRvIjoiJiM4MjE3O2NvbnRhY3RAYmJhbGkuZnImIzgyMTc7Iiwic3ViamVjdCI6IltCYmFsaSAtIEdyaWJvdWlsbGV1ciBpbmRcdTAwZTlwZW5kYW50XSIsInNob3dfc3ViamVjdCI6Im5vIiwid2lkZ2V0IjoiIiwiYmxvY2tfdGVtcGxhdGUiOiIiLCJibG9ja190ZW1wbGF0ZV9wYXJ0IjoiIiwiaWQiOiIxMjk3Iiwic3VibWl0X2J1dHRvbl90ZXh0IjoiRW52b3llciIsImN1c3RvbVRoYW5reW91IjoiIiwiY3VzdG9tVGhhbmt5b3VIZWFkaW5nIjoiVm90cmUgbWVzc2FnZSBhIFx1MDBlOXRcdTAwZTkgZW52b3lcdTAwZTkiLCJjdXN0b21UaGFua3lvdU1lc3NhZ2UiOiJNZXJjaSBwb3VyIHZvdHJlIHNvdW1pc3Npb25cdTAwYTAhIiwiY3VzdG9tVGhhbmt5b3VSZWRpcmVjdCI6IiIsImpldHBhY2tDUk0iOiIxIiwibWFpbHBvZXQiOiIiLCJjbGFzc05hbWUiOiIiLCJwb3N0VG9VcmwiOiIiLCJzYWxlc2ZvcmNlRGF0YSI6IiIsImhpZGRlbkZpZWxkcyI6IiIsInN0ZXBUcmFuc2l0aW9uIjoiZmFkZS1zbGlkZSJ9LCJjb250ZW50IjoiW2NvbnRhY3QtZmllbGQgbGFiZWw9J05vbScgdHlwZT0nbmFtZScgcmVxdWlyZWQ9JzEnXC9dW2NvbnRhY3QtZmllbGQgbGFiZWw9J0FkcmVzc2UgXHUwMGU5bGVjdHJvbmlxdWUnIHR5cGU9J2VtYWlsJyByZXF1aXJlZD0nMSdcL11bY29udGFjdC1maWVsZCBsYWJlbD0nTWVzc2FnZScgdHlwZT0ndGV4dGFyZWEnIHJlcXVpcmVkPScxJ1wvXSIsImhhc2giOiJiZmIxNDk0MDg2Zjg3ZmFiMDM3MGJiOWNjYTYzOWNiOGQxMjdmMWNhIn0.FUCwcyLX8wNNtHqWG2glVBjCp-UK4IZ7MVNzQm342ec' \/>\n\n<div style=\"\"  data-wp-interactive=\"jetpack\/form\" data-wp-context='{\"fieldId\":\"g1297-nom\",\"fieldType\":\"name\",\"fieldLabel\":\"Nom\",\"fieldValue\":\"\",\"fieldPlaceholder\":\"\",\"fieldIsRequired\":\"1\",\"fieldErrorMessage\":\"\",\"fieldExtra\":[],\"formHash\":\"bfb1494086f87fab0370bb9cca639cb8d127f1ca\"}'  class='grunion-field-name-wrap grunion-field-wrap'  data-wp-init='callbacks.initializeField' data-wp-on--jetpack-form-reset='callbacks.initializeField' >\n<label\n\t\t\t\tfor='g1297-nom' class=\"grunion-field-label name\" >Nom<span class=\"grunion-label-required\" aria-hidden=\"true\">(obligatoire)<\/span><\/label>\n<input\n\t\t\t\t\ttype='text'\n\t\t\t\t\tname='g1297-nom'\n\t\t\t\t\tid='g1297-nom'\n\t\t\t\t\tvalue=''\n\n\t\t\t\t\tdata-wp-bind--aria-invalid='state.fieldHasErrors'\n\t\t\t\t\tdata-wp-bind--value='state.getFieldValue'\n\t\t\t\t\taria-errormessage='g1297-nom-text-error-message'\n\t\t\t\t\tdata-wp-on--input='actions.onFieldChange'\n\t\t\t\t\tdata-wp-on--blur='actions.onFieldBlur'\n\t\t\t\t\tdata-wp-class--has-value='state.hasFieldValue'\n\n\t\t\t\t\tclass='name  grunion-field' \n\t\t\t\t\trequired='true' aria-required='true'  \/>\n \n\t\t\t<div id=\"g1297-nom-text-error\" class=\"contact-form__input-error\" data-wp-class--has-errors=\"state.fieldHasErrors\">\n\t\t\t\t<span class=\"contact-form__warning-icon\">\n\t\t\t\t\t<svg width=\"16\" height=\"16\" viewBox=\"0 0 16 16\" fill=\"none\" xmlns=\"http:\/\/www.w3.org\/2000\/svg\">\n\t\t\t\t\t\t<path d=\"M8.50015 11.6402H7.50015V10.6402H8.50015V11.6402Z\" \/>\n\t\t\t\t\t\t<path d=\"M7.50015 9.64018H8.50015V6.30684H7.50015V9.64018Z\" \/>\n\t\t\t\t\t\t<path fill-rule=\"evenodd\" clip-rule=\"evenodd\" d=\"M6.98331 3.0947C7.42933 2.30177 8.57096 2.30177 9.01698 3.09469L13.8771 11.7349C14.3145 12.5126 13.7525 13.4735 12.8602 13.4735H3.14004C2.24774 13.4735 1.68575 12.5126 2.12321 11.7349L6.98331 3.0947ZM8.14541 3.58496C8.08169 3.47168 7.9186 3.47168 7.85488 3.58496L2.99478 12.2251C2.93229 12.3362 3.01257 12.4735 3.14004 12.4735H12.8602C12.9877 12.4735 13.068 12.3362 13.0055 12.2251L8.14541 3.58496Z\" \/>\n\t\t\t\t\t<\/svg>\n\t\t\t\t\t<span class=\"visually-hidden\">Attention<\/span>\n\t\t\t\t<\/span>\n\t\t\t\t<span data-wp-text=\"state.errorMessage\" id=\"g1297-nom-text-error-message\"><\/span>\n\t\t\t<\/div> \n\t<\/div>\n\n<div style=\"\"  data-wp-interactive=\"jetpack\/form\" data-wp-context='{\"fieldId\":\"g1297-adresselectronique\",\"fieldType\":\"email\",\"fieldLabel\":\"Adresse \\u00e9lectronique\",\"fieldValue\":\"\",\"fieldPlaceholder\":\"\",\"fieldIsRequired\":\"1\",\"fieldErrorMessage\":\"\",\"fieldExtra\":[],\"formHash\":\"bfb1494086f87fab0370bb9cca639cb8d127f1ca\"}'  class='grunion-field-email-wrap grunion-field-wrap'  data-wp-init='callbacks.initializeField' data-wp-on--jetpack-form-reset='callbacks.initializeField' >\n<label\n\t\t\t\tfor='g1297-adresselectronique' class=\"grunion-field-label email\" >Adresse \u00e9lectronique<span class=\"grunion-label-required\" aria-hidden=\"true\">(obligatoire)<\/span><\/label>\n<input\n\t\t\t\t\ttype='email'\n\t\t\t\t\tname='g1297-adresselectronique'\n\t\t\t\t\tid='g1297-adresselectronique'\n\t\t\t\t\tvalue=''\n\n\t\t\t\t\tdata-wp-bind--aria-invalid='state.fieldHasErrors'\n\t\t\t\t\tdata-wp-bind--value='state.getFieldValue'\n\t\t\t\t\taria-errormessage='g1297-adresselectronique-email-error-message'\n\t\t\t\t\tdata-wp-on--input='actions.onFieldChange'\n\t\t\t\t\tdata-wp-on--blur='actions.onFieldBlur'\n\t\t\t\t\tdata-wp-class--has-value='state.hasFieldValue'\n\n\t\t\t\t\tclass='email  grunion-field' \n\t\t\t\t\trequired='true' aria-required='true'  \/>\n \n\t\t\t<div id=\"g1297-adresselectronique-email-error\" class=\"contact-form__input-error\" data-wp-class--has-errors=\"state.fieldHasErrors\">\n\t\t\t\t<span class=\"contact-form__warning-icon\">\n\t\t\t\t\t<svg width=\"16\" height=\"16\" viewBox=\"0 0 16 16\" fill=\"none\" xmlns=\"http:\/\/www.w3.org\/2000\/svg\">\n\t\t\t\t\t\t<path d=\"M8.50015 11.6402H7.50015V10.6402H8.50015V11.6402Z\" \/>\n\t\t\t\t\t\t<path d=\"M7.50015 9.64018H8.50015V6.30684H7.50015V9.64018Z\" \/>\n\t\t\t\t\t\t<path fill-rule=\"evenodd\" clip-rule=\"evenodd\" d=\"M6.98331 3.0947C7.42933 2.30177 8.57096 2.30177 9.01698 3.09469L13.8771 11.7349C14.3145 12.5126 13.7525 13.4735 12.8602 13.4735H3.14004C2.24774 13.4735 1.68575 12.5126 2.12321 11.7349L6.98331 3.0947ZM8.14541 3.58496C8.08169 3.47168 7.9186 3.47168 7.85488 3.58496L2.99478 12.2251C2.93229 12.3362 3.01257 12.4735 3.14004 12.4735H12.8602C12.9877 12.4735 13.068 12.3362 13.0055 12.2251L8.14541 3.58496Z\" \/>\n\t\t\t\t\t<\/svg>\n\t\t\t\t\t<span class=\"visually-hidden\">Attention<\/span>\n\t\t\t\t<\/span>\n\t\t\t\t<span data-wp-text=\"state.errorMessage\" id=\"g1297-adresselectronique-email-error-message\"><\/span>\n\t\t\t<\/div> \n\t<\/div>\n\n<div style=\"\"  data-wp-interactive=\"jetpack\/form\" data-wp-context='{\"fieldId\":\"g1297-message\",\"fieldType\":\"textarea\",\"fieldLabel\":\"Message\",\"fieldValue\":\"\",\"fieldPlaceholder\":\"\",\"fieldIsRequired\":\"1\",\"fieldErrorMessage\":\"\",\"fieldExtra\":[],\"formHash\":\"bfb1494086f87fab0370bb9cca639cb8d127f1ca\"}'  class='grunion-field-textarea-wrap grunion-field-wrap'  data-wp-init='callbacks.initializeField' data-wp-on--jetpack-form-reset='callbacks.initializeField' >\n<label\n\t\t\t\tfor='contact-form-comment-g1297-message' class=\"grunion-field-label textarea\" >Message<span class=\"grunion-label-required\" aria-hidden=\"true\">(obligatoire)<\/span><\/label>\n<textarea\n\t\t                style=''\n\t\t                name='g1297-message'\n\t\t                id='contact-form-comment-g1297-message'\n\t\t                rows='20'\n\t\t\t\t\t\tdata-wp-text='state.getFieldValue'\n\t\t\t\t\t\tdata-wp-on--input='actions.onFieldChange'\n\t\t\t\t\t\tdata-wp-on--blur='actions.onFieldBlur'\n\t\t\t\t\t\tdata-wp-class--has-value='state.hasFieldValue'\n\t\t\t\t\t\tdata-wp-bind--aria-invalid='state.fieldHasErrors'\n\t\t\t\t\t\tdata-wp-on--keydown='actions.onKeyDownTextarea'\n\t\t\t\t\t\taria-errormessage='g1297-message-textarea-error-message'\n\t\t\t\t\t\tclass='textarea  grunion-field'  required aria-required='true'><\/textarea>\n \n\t\t\t<div id=\"g1297-message-textarea-error\" class=\"contact-form__input-error\" data-wp-class--has-errors=\"state.fieldHasErrors\">\n\t\t\t\t<span class=\"contact-form__warning-icon\">\n\t\t\t\t\t<svg width=\"16\" height=\"16\" viewBox=\"0 0 16 16\" fill=\"none\" xmlns=\"http:\/\/www.w3.org\/2000\/svg\">\n\t\t\t\t\t\t<path d=\"M8.50015 11.6402H7.50015V10.6402H8.50015V11.6402Z\" \/>\n\t\t\t\t\t\t<path d=\"M7.50015 9.64018H8.50015V6.30684H7.50015V9.64018Z\" \/>\n\t\t\t\t\t\t<path fill-rule=\"evenodd\" clip-rule=\"evenodd\" d=\"M6.98331 3.0947C7.42933 2.30177 8.57096 2.30177 9.01698 3.09469L13.8771 11.7349C14.3145 12.5126 13.7525 13.4735 12.8602 13.4735H3.14004C2.24774 13.4735 1.68575 12.5126 2.12321 11.7349L6.98331 3.0947ZM8.14541 3.58496C8.08169 3.47168 7.9186 3.47168 7.85488 3.58496L2.99478 12.2251C2.93229 12.3362 3.01257 12.4735 3.14004 12.4735H12.8602C12.9877 12.4735 13.068 12.3362 13.0055 12.2251L8.14541 3.58496Z\" \/>\n\t\t\t\t\t<\/svg>\n\t\t\t\t\t<span class=\"visually-hidden\">Attention<\/span>\n\t\t\t\t<\/span>\n\t\t\t\t<span data-wp-text=\"state.errorMessage\" id=\"g1297-message-textarea-error-message\"><\/span>\n\t\t\t<\/div>\n\t<\/div>\n\t<p class='contact-submit'>\n<div class=\"contact-form__error\" data-wp-class--show-errors=\"state.showFormErrors\"><span class=\"contact-form__warning-icon\"><span class=\"visually-hidden\">Attention.<\/span><i aria-hidden=\"true\"><\/i><\/span>\n\t\t\t\t<span data-wp-text=\"state.getFormErrorMessage\"><\/span>\n\t\t\t\t<ul>\n\t\t\t\t<template data-wp-each=\"state.getErrorList\" data-wp-key=\"context.item.id\">\n\t\t\t\t\t<li><a data-wp-bind--href=\"context.item.anchor\" data-wp-on--click=\"actions.scrollIntoView\" data-wp-text=\"context.item.label\"><\/a><\/li>\n\t\t\t\t<\/template>\n\t\t\t\t<\/ul><\/div><div class=\"contact-form__error\" data-wp-class--show-errors=\"state.showSubmissionError\" data-wp-text=\"context.submissionError\"><\/div>\t\t<button type='submit' class='pushbutton-wide'>Envoyer<\/button>\t\t<input type='hidden' name='contact-form-id' value='1297' \/>\n\t\t<input type='hidden' name='action' value='grunion-contact-form' \/>\n\t\t<input type='hidden' name='contact-form-hash' value='bfb1494086f87fab0370bb9cca639cb8d127f1ca' \/>\n\t<\/p>\n<p style=\"display: none !important;\" class=\"akismet-fields-container\" data-prefix=\"ak_\"><label>&#916;<textarea name=\"ak_hp_textarea\" cols=\"45\" rows=\"8\" maxlength=\"100\"><\/textarea><\/label><input type=\"hidden\" id=\"ak_js_1\" name=\"ak_js\" value=\"34\"\/><script>document.getElementById( \"ak_js_1\" ).setAttribute( \"value\", ( new Date() ).getTime() );<\/script><\/p><\/form>\n<\/div>\n<\/div>\n","protected":false},"excerpt":{"rendered":"<p>Yo ! J&#8217;aime dessiner des girafes, regarder un coucher de soleil en dessinant des girafes et profiter des belles choses. Comme par exemple les girafes. Si vous avez une remarque, une suggestion voire m\u00eame un petit mot doux si l&#8217;envie vous en prend, vous pouvez me contacter via le formulaire ou l&#8217;adresse e-mail affich\u00e9e ci-dessous. &hellip; <a href=\"https:\/\/bbali.fr\/blog\/bbook\/contact\/\" class=\"more-link\">Continuer la lecture<span class=\"screen-reader-text\"> de &laquo;&nbsp;&nbsp;&raquo;<\/span><\/a><\/p>\n","protected":false},"author":1,"featured_media":0,"parent":0,"menu_order":0,"comment_status":"closed","ping_status":"closed","template":"","meta":{"jetpack_post_was_ever_published":false,"footnotes":""},"class_list":["post-1297","page","type-page","status-publish","hentry"],"aioseo_notices":[],"jetpack_shortlink":"https:\/\/wp.me\/P7nqtU-kV","jetpack_sharing_enabled":true,"_links":{"self":[{"href":"https:\/\/bbali.fr\/blog\/bbook\/wp-json\/wp\/v2\/pages\/1297","targetHints":{"allow":["GET"]}}],"collection":[{"href":"https:\/\/bbali.fr\/blog\/bbook\/wp-json\/wp\/v2\/pages"}],"about":[{"href":"https:\/\/bbali.fr\/blog\/bbook\/wp-json\/wp\/v2\/types\/page"}],"author":[{"embeddable":true,"href":"https:\/\/bbali.fr\/blog\/bbook\/wp-json\/wp\/v2\/users\/1"}],"replies":[{"embeddable":true,"href":"https:\/\/bbali.fr\/blog\/bbook\/wp-json\/wp\/v2\/comments?post=1297"}],"version-history":[{"count":14,"href":"https:\/\/bbali.fr\/blog\/bbook\/wp-json\/wp\/v2\/pages\/1297\/revisions"}],"predecessor-version":[{"id":1386,"href":"https:\/\/bbali.fr\/blog\/bbook\/wp-json\/wp\/v2\/pages\/1297\/revisions\/1386"}],"wp:attachment":[{"href":"https:\/\/bbali.fr\/blog\/bbook\/wp-json\/wp\/v2\/media?parent=1297"}],"curies":[{"name":"wp","href":"https:\/\/api.w.org\/{rel}","templated":true}]}}